{"id":89,"date":"2023-04-07T15:38:57","date_gmt":"2023-04-07T13:38:57","guid":{"rendered":"http:\/\/boutique.cours-de-peinture-pastel.com\/?post_type=product&#038;p=89"},"modified":"2023-04-21T09:18:28","modified_gmt":"2023-04-21T07:18:28","slug":"cours-debutant-les-bases-au-pastel","status":"publish","type":"product","link":"https:\/\/boutique.cours-de-peinture-pastel.com\/index.php\/produit\/cours-debutant-les-bases-au-pastel\/","title":{"rendered":"Cours d\u00e9butant : les bases au pastel"},"content":{"rendered":"<h2><u><strong>Cours de 6h45\u00a0pour 28\u00a0vid\u00e9os<\/strong><\/u><\/h2>\n<p>&nbsp;<\/p>\n<p><u><strong>COURS POUR LES DEBUTANTS AU PASTEL, UN TOTAL DE 6H45 EN 29 VIDEOS<\/strong><\/u><\/p>\n<p>&nbsp;<\/p>\n<ul>\n<li>\n<h2><strong>Les premiers pas <u><em>(2h10)<\/em><\/u><\/strong><\/h2>\n<\/li>\n<\/ul>\n<p>&nbsp;<\/p>\n<section data-element_type=\"section\" data-id=\"7eb31f0\"><strong>1. <\/strong>Pr\u00e9sentation du cours (<em><u>11 min<\/u><\/em>)<br \/>\nCette formation comprend de nombreuses explications (environ 2 heures), mais rassurez vous, elle est remplie aussi d&#8217;exercices de toutes sortes (environ 3h30). Et\u00a0est accompagn\u00e9e en bonus de plusieurs heures d&#8217;\u00e9tudes sur le paysage et la nature morte.<\/section>\n<section data-element_type=\"section\" data-id=\"7eb31f0\"><strong>2.<\/strong>\u00a0Les premiers conseils (<em><u>35 min<\/u><\/em>)<br \/>\nParcours de quelques attitudes positives \u00e0 acqu\u00e9rir et \u00e0 certaines erreurs \u00e0 \u00e9viter. Le d\u00e9butant doit \u00eatre prudent, progressif bien que d\u00e9termin\u00e9. Des pi\u00e8ges nombreux peuvent facilement \u00eatre \u00e9vit\u00e9s avec une bonne attitude et une bonne m\u00e9thode.<\/p>\n<\/section>\n<p>&nbsp;<\/p>\n<section data-element_type=\"section\" data-id=\"7eb31f0\"><strong>3. <\/strong>Cr\u00e9ez votre univers artistique (<em><u>9 min)<\/u><\/em><br \/>\nM\u00eame le d\u00e9butant peut et doit cr\u00e9er un univers esth\u00e9tique rempli de &#8220;ses&#8221; couleurs, de &#8220;ses&#8221; sujets pr\u00e9f\u00e9r\u00e9s, de &#8220;son&#8221; \u00e9nergie. Faites venir cet univers po\u00e9tique d\u00e8s le d\u00e9but et doucement<\/section>\n<p>&nbsp;<\/p>\n<section data-element_type=\"section\" data-id=\"7eb31f0\"><strong>4.<\/strong> Quelques mots au sujet du pastel <em><u>(8 min<\/u><\/em>)<br \/>\nAvant d&#8217;utiliser le pastel il est bon de conna\u00eetre quelques principes. Cela peut aider le d\u00e9butant&nbsp;<\/p>\n<p><strong>5. <\/strong>Quelques conseils sur l\u2019atelier (<em><u>5 min)<\/u><\/em><br \/>\nEn quelques minutes, il est bon de rappeler des choses tr\u00e8s simples au risque d&#8217;enfoncer des portes ouverts<\/p>\n<p>&nbsp;<\/p>\n<p><strong>6.<\/strong> Les crayons pastels (<em><u>13 min<\/u><\/em>)<br \/>\nPr\u00e9sentation\u00a0pour choisir son mat\u00e9riel: Pour vous faire gagner un temps pr\u00e9cieux, je vais vous partager mon exp\u00e9rience. Je vais essayer de vous donner les clefs pour pouvoir apprivoiser cette facette incroyablement importante de la peinture<\/p>\n<p>&nbsp;<\/p>\n<p><strong>7.<\/strong> Les b\u00e2tonnets pastels (<em><u>18 min<\/u><\/em>)<br \/>\nPr\u00e9sentation\u00a0pour choisir son mat\u00e9riel: Pour vous faire gagner un temps pr\u00e9cieux, je vais vous partager mon exp\u00e9rience. Je vais essayer de vous donner les clefs pour pouvoir apprivoiser cette facette incroyablement importante de la peinture<\/p>\n<p>&nbsp;<\/p>\n<p><strong>8.<\/strong> Le papier (<em><u>28 min<\/u><\/em>)<br \/>\nPr\u00e9sentation\u00a0pour choisir son mat\u00e9riel: Pour vous faire gagner un temps pr\u00e9cieux, je vais vous partager mon exp\u00e9rience. Je vais essayer de vous donner les clefs pour pouvoir apprivoiser cette facette incroyablement importante de la peinture<\/p>\n<p>&nbsp;<\/p>\n<\/section>\n<ul>\n<li>\n<h2><strong>Partie pratique (<em><u>4h30<\/u>)<\/em><\/strong><\/h2>\n<\/li>\n<\/ul>\n<p>&nbsp;<\/p>\n<section data-element_type=\"section\" data-id=\"b133641\"><strong>1. <\/strong>La couleur pour les d\u00e9butants (<em><u>24 min<\/u><\/em>)<br \/>\nIl faut passer par l&#8217;explication de quelques principes, mais rassurez vous, plusieurs vid\u00e9os graphiques et visuelles sur la couleurs seront associ\u00e9es en bonus pour que vous compreniez de mani\u00e8re concr\u00e8te cet important chapitre de l&#8217;apprentissage de la peinture et du pastel.<\/section>\n<section data-element_type=\"section\" data-id=\"b133641\"><strong>2.<\/strong> Comment manipuler les crayons et les b\u00e2tonnets (<em><u>6 min<\/u><\/em>)<br \/>\nComment glisser, appuyer, hachurer, etc avec les crayons et les b\u00e2tonnets. La gestuelle est importante, et dans cette vid\u00e9o, vous verrez plusieurs variantes .(tenue molle, souple ou dure).<\/p>\n<p>&nbsp;<\/p>\n<p><strong>3.<\/strong> Comment poser le pastel sur les papiers, partie 1\u00a0(<em><u>13 min<\/u><\/em>)<br \/>\nEstompage, touches, emp\u00e2tements etc sur un papier type canson<\/p>\n<p>&nbsp;<\/p>\n<p><strong>4.<\/strong> Comment poser le pastel sur les papiers, partie 2 (<em><u>6 min<\/u><\/em>)<br \/>\nLa mani\u00e8re de poser le pastel est une des clefs incontournable.<\/p>\n<p>&nbsp;<\/p>\n<p><strong>5.<\/strong> Poser le pastel: astuces compl\u00e9mentaires (<em><u>6 min<\/u><\/em>)<br \/>\nTapotages, &#8220;glacis au pastel&#8221;, effets irr\u00e9guliers.<\/p>\n<p>&nbsp;<\/p>\n<p><strong>6.<\/strong> Test \u00ab\u00a0Mati\u00e8re pastel\u00a0\u00bb sur Pastelmat (<em><u>9min<\/u><\/em>)<br \/>\nComparaison entre les effets sur pastelmat et un autre papier diff\u00e9rent. Le support engendre des r\u00e9sultats tr\u00e8s tr\u00e8s diff\u00e9rents. Voyons cela.<\/p>\n<p>&nbsp;<\/p>\n<p><strong>7.<\/strong> Quelques effets de mati\u00e8re sur papier non absorbant (<em><u>6 min<\/u><\/em>)<br \/>\nVous d\u00e9couvrirez 7 mani\u00e8res pour poser le pastel sur un papier simple. Cette gamme graphique donne par un usage combin\u00e9 des diff\u00e9rents \u00e9l\u00e9ments, une infinit\u00e9 de solutions cr\u00e9atives que vous pourrez utiliser.<\/p>\n<p>&nbsp;<\/p>\n<p><strong>8. <\/strong>Quelques erreurs \u00e0 \u00e9viter (<em><u>8 min<\/u><\/em>)<br \/>\nIl existe des erreurs r\u00e9currentes , des pi\u00e8ges, dans lesquels tombent la plupart des d\u00e9butants au pastel. Vous pourrez mieux les identifier avec ces quelques explications<\/p>\n<p>&nbsp;<\/p>\n<p><strong>9.\u00a0<\/strong><u>Exercice 1\u00a0<\/u>: La structure des arbres (<em><u>16 min<\/u><\/em>)<br \/>\nDans cette vid\u00e9o, nous \u00e9tudions quelques formes d&#8217;arbres essentiels. A partir de ces structures tr\u00e8s diff\u00e9rentes, vous pourrez nuancer , approfondir \u00e0 l&#8217;infini. Vous disposerez d&#8217;un support solide et simple.<\/p>\n<p>&nbsp;<\/p>\n<p><strong>10.<\/strong> <u>Exercice 2\u00a0<\/u>: Branches et feuilles (<em><u>8 min<\/u><\/em>)<br \/>\nAvant de peindre des branches et des feuilles d&#8217;apr\u00e8s des documents, il est utile d&#8217;en comprendre les structures de base. Grace \u00e0 ces exercices, vous pourrez pousser vers des formes d&#8217;arbres plus complexes, plus vivantes et r\u00e9elles.<\/p>\n<p>&nbsp;<\/p>\n<p><strong>11.<\/strong> <u>Exercice 3 :<\/u> Les herbes, structures de base (<em><u>9min<\/u><\/em>)<br \/>\nLes herbes doivent \u00eatre comprises dans leurs \u00e9nergies et leurs principes. Vous verrez de nombreuses d\u00e9monstrations plus pouss\u00e9es sur les herbes dans les \u00e9tudes et les bonus.<\/p>\n<p>&nbsp;<\/p>\n<p><strong>12.<\/strong> <u>Exercice 4\u00a0<\/u>: Pierres, Rochers, cailloux (<em><u>6 min<\/u><\/em>)<br \/>\nNous continuons dans cette vid\u00e9o \u00e0 compl\u00e9ter notre &#8220;base de donn\u00e9es&#8221; graphique pour int\u00e9grer un alphabet\u00a0disponible. Les pierres, cailloux et les rochers ont un r\u00f4le tr\u00e8s important dans les paysages. Vous arriverez \u00e0 mieux les r\u00e9aliser.<\/p>\n<p>&nbsp;<\/p>\n<p><strong>13.<\/strong> Les bases de la composition (<em><u>20 min<\/u><\/em>)<br \/>\nAvant de passer aux exercices concrets de composition. Il est indispensable de comprendre certains principes simples, et dans ce r\u00e9sum\u00e9 j&#8217;ai essay\u00e9 de trouver la &#8220;trousse de secours&#8221; suffisante pour qu&#8217;un d\u00e9butant puisse imm\u00e9diatement commencer \u00e0 composer.<\/p>\n<p>&nbsp;<\/p>\n<p><strong>14.<\/strong>\u00a0Exemple de composition simple pour les natures mortes (<em><u>18 min<\/u><\/em>)<br \/>\nDans cette explication simple adapt\u00e9e aux d\u00e9butants, vous comprendrez quelques principes \u00e9vidents. Ceux-ci vous aideront beaucoup pour cr\u00e9er un \u00e9quilibre dans vos \u00e9tudes et tableaux.<\/p>\n<p>&nbsp;<\/p>\n<p><strong>15.<\/strong> <u>Exercice 5\u00a0<\/u>: Composition \u00ab\u00a0le mur d\u2019arbres\u00a0\u00bb (<em><u>10 min<\/u><\/em>)<br \/>\nVous verrez comment composer un tableau correct \u00e0 partir d&#8217;un sujet trop\u00a0banal. Vous apprendrez quelques principes : rapprocher certains arbres, ouvrir les masses trop \u00e9touffantes, cr\u00e9er un premier plan. Le fusain est id\u00e9al pour ces exercices.<\/p>\n<p>&nbsp;<\/p>\n<p><strong>16.<\/strong> <u>Exercice 6 :<\/u> Peindre un livre au pastel (<em><u>28 min<\/u><\/em>)<br \/>\nCet exercice simple permet de comprendre un peu de perspective sans se &#8220;prendre la t\u00eate&#8221;, mais aussi de faire une premi\u00e8re approche des couleur \u00e9clair\u00e9es et \u00e0 l&#8217;ombre.<\/p>\n<p>&nbsp;<\/p>\n<p><strong>17.<\/strong> <u>Exercice 7 :<\/u>\u00a0Un \u0153uf minutieux (<em><u>32 min<\/u><\/em>)<br \/>\nCette \u00e9tude permet au d\u00e9butant d&#8217;approfondir plusieurs aspects du pastel : diff\u00e9rentes mani\u00e8res pour r\u00e9aliser des d\u00e9grad\u00e9s pour restituer le volume, la lumi\u00e8re, la texture d&#8217;un objet. Exercice indispensable pour apprendre pour plus tard le portrait.<\/p>\n<p>&nbsp;<\/p>\n<p><strong>18.<\/strong> <u>Exercice 8 :<\/u> Le paysage, Pr\u00e9paration et croquis (<em><u>10 min<\/u><\/em>)<br \/>\nLe croquis pr\u00e9paratoire est indispensable pour r\u00e9aliser de mani\u00e8re fluide un tableau. Choix et interpr\u00e9tation du document, ajouts et retraits d&#8217;\u00e9l\u00e9ments, choix d&#8217;une gamme de couleurs, d&#8217;effets de mati\u00e8re.<\/p>\n<p>&nbsp;<\/p>\n<p><strong>19.<\/strong> <u>Exercice 9 :<\/u> Le paysage, Etude rapide (<em><u>35 min<\/u><\/em>)<br \/>\nVous verrez toutes les \u00e9tapes qui permettent d&#8217;arriver au r\u00e9sultat. L&#8217;esquisse, le &#8220;fant\u00f4me&#8221;, la mont\u00e9e des valeur et la pose progressive des couleurs<\/p>\n<p>&nbsp;<\/p>\n<p><strong>20. <\/strong>Conclusion (<em><u>3 min<\/u><\/em>)<\/p>\n<p>Petit survol rapide de la formation.<\/p>\n<\/section>\n","protected":false},"excerpt":{"rendered":"<p>Cours de 6h45\u00a0pour 28\u00a0vid\u00e9os &nbsp; COURS POUR LES DEBUTANTS AU PASTEL, UN TOTAL DE 6H45 EN 29 VIDEOS &nbsp; Les&hellip;<\/p>\n","protected":false},"featured_media":0,"comment_status":"open","ping_status":"closed","template":"","meta":[],"product_cat":[34,33],"product_tag":[37,96,38,55,97,98],"_links":{"self":[{"href":"https:\/\/boutique.cours-de-peinture-pastel.com\/index.php\/wp-json\/wp\/v2\/product\/89"}],"collection":[{"href":"https:\/\/boutique.cours-de-peinture-pastel.com\/index.php\/wp-json\/wp\/v2\/product"}],"about":[{"href":"https:\/\/boutique.cours-de-peinture-pastel.com\/index.php\/wp-json\/wp\/v2\/types\/product"}],"replies":[{"embeddable":true,"href":"https:\/\/boutique.cours-de-peinture-pastel.com\/index.php\/wp-json\/wp\/v2\/comments?post=89"}],"wp:attachment":[{"href":"https:\/\/boutique.cours-de-peinture-pastel.com\/index.php\/wp-json\/wp\/v2\/media?parent=89"}],"wp:term":[{"taxonomy":"product_cat","embeddable":true,"href":"https:\/\/boutique.cours-de-peinture-pastel.com\/index.php\/wp-json\/wp\/v2\/product_cat?post=89"},{"taxonomy":"product_tag","embeddable":true,"href":"https:\/\/boutique.cours-de-peinture-pastel.com\/index.php\/wp-json\/wp\/v2\/product_tag?post=89"}],"curies":[{"name":"wp","href":"https:\/\/api.w.org\/{rel}","templated":true}]}}