{"id":85,"date":"2023-04-07T14:44:20","date_gmt":"2023-04-07T12:44:20","guid":{"rendered":"http:\/\/boutique.cours-de-peinture-pastel.com\/?post_type=product&#038;p=85"},"modified":"2023-04-07T14:44:20","modified_gmt":"2023-04-07T12:44:20","slug":"paysage-en-touches-legeres-a-lhuile","status":"publish","type":"product","link":"https:\/\/boutique.cours-de-peinture-pastel.com\/index.php\/produit\/paysage-en-touches-legeres-a-lhuile\/","title":{"rendered":"Paysage en touches l\u00e9g\u00e8res \u00e0 l&#8217;huile"},"content":{"rendered":"","protected":false},"excerpt":{"rendered":"","protected":false},"featured_media":0,"comment_status":"open","ping_status":"closed","template":"","meta":[],"product_cat":[35,33],"product_tag":[37,43,68,90],"_links":{"self":[{"href":"https:\/\/boutique.cours-de-peinture-pastel.com\/index.php\/wp-json\/wp\/v2\/product\/85"}],"collection":[{"href":"https:\/\/boutique.cours-de-peinture-pastel.com\/index.php\/wp-json\/wp\/v2\/product"}],"about":[{"href":"https:\/\/boutique.cours-de-peinture-pastel.com\/index.php\/wp-json\/wp\/v2\/types\/product"}],"replies":[{"embeddable":true,"href":"https:\/\/boutique.cours-de-peinture-pastel.com\/index.php\/wp-json\/wp\/v2\/comments?post=85"}],"wp:attachment":[{"href":"https:\/\/boutique.cours-de-peinture-pastel.com\/index.php\/wp-json\/wp\/v2\/media?parent=85"}],"wp:term":[{"taxonomy":"product_cat","embeddable":true,"href":"https:\/\/boutique.cours-de-peinture-pastel.com\/index.php\/wp-json\/wp\/v2\/product_cat?post=85"},{"taxonomy":"product_tag","embeddable":true,"href":"https:\/\/boutique.cours-de-peinture-pastel.com\/index.php\/wp-json\/wp\/v2\/product_tag?post=85"}],"curies":[{"name":"wp","href":"https:\/\/api.w.org\/{rel}","templated":true}]}}