{"id":38,"date":"2023-03-02T15:51:17","date_gmt":"2023-03-02T14:51:17","guid":{"rendered":"http:\/\/boutique.cours-de-peinture-pastel.com\/?post_type=product&#038;p=38"},"modified":"2023-03-02T15:51:17","modified_gmt":"2023-03-02T14:51:17","slug":"la-petite-bibliotheque-energetique","status":"publish","type":"product","link":"https:\/\/boutique.cours-de-peinture-pastel.com\/index.php\/produit\/la-petite-bibliotheque-energetique\/","title":{"rendered":"La petite biblioth\u00e8que \u00e9nerg\u00e9tique"},"content":{"rendered":"<p>Oeuvre unique en peinture \u00e0 l&#8217;huile &#8220;La petite biblioth\u00e8que \u00e9nerg\u00e9tique&#8221; 65&#215;54<\/p>\n<p>Technique : Peinture \u00e0 l&#8217;huile<\/p>\n<p>Format : 65&#215;54<\/p>\n","protected":false},"excerpt":{"rendered":"<p>Oeuvre unique en peinture \u00e0 l&#8217;huile &#8220;La petite biblioth\u00e8que \u00e9nerg\u00e9tique&#8221; 65&#215;54<\/p>\n","protected":false},"featured_media":32,"comment_status":"open","ping_status":"closed","template":"","meta":[],"product_cat":[18,19],"product_tag":[27,25,22,26],"_links":{"self":[{"href":"https:\/\/boutique.cours-de-peinture-pastel.com\/index.php\/wp-json\/wp\/v2\/product\/38"}],"collection":[{"href":"https:\/\/boutique.cours-de-peinture-pastel.com\/index.php\/wp-json\/wp\/v2\/product"}],"about":[{"href":"https:\/\/boutique.cours-de-peinture-pastel.com\/index.php\/wp-json\/wp\/v2\/types\/product"}],"replies":[{"embeddable":true,"href":"https:\/\/boutique.cours-de-peinture-pastel.com\/index.php\/wp-json\/wp\/v2\/comments?post=38"}],"wp:featuredmedia":[{"embeddable":true,"href":"https:\/\/boutique.cours-de-peinture-pastel.com\/index.php\/wp-json\/wp\/v2\/media\/32"}],"wp:attachment":[{"href":"https:\/\/boutique.cours-de-peinture-pastel.com\/index.php\/wp-json\/wp\/v2\/media?parent=38"}],"wp:term":[{"taxonomy":"product_cat","embeddable":true,"href":"https:\/\/boutique.cours-de-peinture-pastel.com\/index.php\/wp-json\/wp\/v2\/product_cat?post=38"},{"taxonomy":"product_tag","embeddable":true,"href":"https:\/\/boutique.cours-de-peinture-pastel.com\/index.php\/wp-json\/wp\/v2\/product_tag?post=38"}],"curies":[{"name":"wp","href":"https:\/\/api.w.org\/{rel}","templated":true}]}}