{"id":37,"date":"2023-03-02T15:47:45","date_gmt":"2023-03-02T14:47:45","guid":{"rendered":"http:\/\/boutique.cours-de-peinture-pastel.com\/?post_type=product&#038;p=37"},"modified":"2023-03-02T15:47:45","modified_gmt":"2023-03-02T14:47:45","slug":"le-cavalier-sur-la-riviere","status":"publish","type":"product","link":"https:\/\/boutique.cours-de-peinture-pastel.com\/index.php\/produit\/le-cavalier-sur-la-riviere\/","title":{"rendered":"Le cavalier sur la rivi\u00e8re"},"content":{"rendered":"<p>Oeuvre unique en peinture \u00e0 l&#8217;huile &#8220;Le cavalier sur la rivi\u00e8re&#8221; 46&#215;38<\/p>\n<p>Technique : Peinture \u00e0 l&#8217;huile<\/p>\n<p>Format : 46&#215;38<\/p>\n","protected":false},"excerpt":{"rendered":"<p>Oeuvre unique en peinture \u00e0 l&#8217;huile &#8220;Le cavalier sur la rivi\u00e8re&#8221; 46&#215;38<\/p>\n","protected":false},"featured_media":33,"comment_status":"open","ping_status":"closed","template":"","meta":[],"product_cat":[18,19],"product_tag":[],"_links":{"self":[{"href":"https:\/\/boutique.cours-de-peinture-pastel.com\/index.php\/wp-json\/wp\/v2\/product\/37"}],"collection":[{"href":"https:\/\/boutique.cours-de-peinture-pastel.com\/index.php\/wp-json\/wp\/v2\/product"}],"about":[{"href":"https:\/\/boutique.cours-de-peinture-pastel.com\/index.php\/wp-json\/wp\/v2\/types\/product"}],"replies":[{"embeddable":true,"href":"https:\/\/boutique.cours-de-peinture-pastel.com\/index.php\/wp-json\/wp\/v2\/comments?post=37"}],"wp:featuredmedia":[{"embeddable":true,"href":"https:\/\/boutique.cours-de-peinture-pastel.com\/index.php\/wp-json\/wp\/v2\/media\/33"}],"wp:attachment":[{"href":"https:\/\/boutique.cours-de-peinture-pastel.com\/index.php\/wp-json\/wp\/v2\/media?parent=37"}],"wp:term":[{"taxonomy":"product_cat","embeddable":true,"href":"https:\/\/boutique.cours-de-peinture-pastel.com\/index.php\/wp-json\/wp\/v2\/product_cat?post=37"},{"taxonomy":"product_tag","embeddable":true,"href":"https:\/\/boutique.cours-de-peinture-pastel.com\/index.php\/wp-json\/wp\/v2\/product_tag?post=37"}],"curies":[{"name":"wp","href":"https:\/\/api.w.org\/{rel}","templated":true}]}}